{"id":2,"date":"2012-01-21T20:52:48","date_gmt":"2012-01-21T20:52:48","guid":{"rendered":"http:\/\/sourcesdelagrandeguerre.fr\/WordPress3\/\/?page_id=2"},"modified":"2014-10-17T10:12:21","modified_gmt":"2014-10-17T08:12:21","slug":"about","status":"publish","type":"page","link":"https:\/\/sourcesdelagrandeguerre.fr\/?page_id=2","title":{"rendered":"A propos du blog"},"content":{"rendered":"<p><strong>Qui sommes-nous ?<\/strong><\/p>\n<p>Micha\u00ebl Bourlet, enseignant-chercheur en histoire (@mbourlet sur Twitter)<br \/>\nGwladys Longeard, archiviste-pal\u00e9ographe et conservatrice du patrimoine (@Dezig35 sur Twitter)<\/p>\n<p><strong>Pourquoi ce blog ?<\/strong><\/p>\n<p>Pour partager notre plaisir de d\u00e9couvrir et de valoriser les sources qui permettent d\u2019\u00e9crire l\u2019histoire de la Grande Guerre (archives \u00e9crites et figur\u00e9es, sources imprim\u00e9es\u2026).<\/p>\n<p>Ce blog est \u00e0 la fois un outil de travail faisant \u00e9tat de ressources en ligne et un espace de r\u00e9flexion prenant appui sur les sources.<\/p>\n<p>Les propos qui sont tenus ici sont strictement personnels et n\u2019engagent en rien les institutions o\u00f9 nous travaillons.<\/p>\n","protected":false},"excerpt":{"rendered":"<p>Qui sommes-nous ? Micha\u00ebl Bourlet, enseignant-chercheur en histoire (@mbourlet sur Twitter) Gwladys Longeard, archiviste-pal\u00e9ographe et conservatrice du patrimoine (@Dezig35 sur Twitter) Pourquoi ce blog ? Pour partager notre plaisir de d\u00e9couvrir et de valoriser les sources qui permettent d\u2019\u00e9crire l\u2019histoire de la Grande Guerre (archives \u00e9crites et figur\u00e9es, sources imprim\u00e9es\u2026). Ce blog est \u00e0 la fois un outil de travail faisant \u00e9tat de ressources en ligne et un espace de r\u00e9flexion prenant appui sur les sources. Les propos qui sont tenus ici sont strictement personnels et n\u2019engagent en rien les institutions o\u00f9 nous travaillons.<\/p>\n","protected":false},"author":1,"featured_media":0,"parent":0,"menu_order":0,"comment_status":"open","ping_status":"open","template":"","meta":{"spay_email":""},"jetpack_shortlink":"https:\/\/wp.me\/P2bYSy-2","jetpack_sharing_enabled":true,"_links":{"self":[{"href":"https:\/\/sourcesdelagrandeguerre.fr\/index.php?rest_route=\/wp\/v2\/pages\/2"}],"collection":[{"href":"https:\/\/sourcesdelagrandeguerre.fr\/index.php?rest_route=\/wp\/v2\/pages"}],"about":[{"href":"https:\/\/sourcesdelagrandeguerre.fr\/index.php?rest_route=\/wp\/v2\/types\/page"}],"author":[{"embeddable":true,"href":"https:\/\/sourcesdelagrandeguerre.fr\/index.php?rest_route=\/wp\/v2\/users\/1"}],"replies":[{"embeddable":true,"href":"https:\/\/sourcesdelagrandeguerre.fr\/index.php?rest_route=%2Fwp%2Fv2%2Fcomments&post=2"}],"version-history":[{"count":10,"href":"https:\/\/sourcesdelagrandeguerre.fr\/index.php?rest_route=\/wp\/v2\/pages\/2\/revisions"}],"predecessor-version":[{"id":3603,"href":"https:\/\/sourcesdelagrandeguerre.fr\/index.php?rest_route=\/wp\/v2\/pages\/2\/revisions\/3603"}],"wp:attachment":[{"href":"https:\/\/sourcesdelagrandeguerre.fr\/index.php?rest_route=%2Fwp%2Fv2%2Fmedia&parent=2"}],"curies":[{"name":"wp","href":"https:\/\/api.w.org\/{rel}","templated":true}]}}