{"id":2840,"date":"2013-11-01T15:00:08","date_gmt":"2013-11-01T14:00:08","guid":{"rendered":"http:\/\/sourcesdelagrandeguerre.fr\/WordPress3\/?page_id=2840"},"modified":"2013-11-01T15:00:08","modified_gmt":"2013-11-01T14:00:08","slug":"nous-ecrire-2","status":"publish","type":"page","link":"https:\/\/sourcesdelagrandeguerre.fr\/?page_id=2840","title":{"rendered":"Nous \u00e9crire"},"content":{"rendered":"<p style=\"text-align: justify;\">Pour nous contacter, vous pouvez nous laisser un commentaire au bas d&rsquo;un article ou alors nous \u00e9crire \u00e0 l&rsquo;adresse \u00e9lectronique suivante : sourcesdelagrandeguerre@gmail.com<\/p>\n<p style=\"text-align: justify;\">Nous essayons de r\u00e9pondre \u00e0 tous les messages mais cela peut prendre du temps !<\/p>\n<p><img decoding=\"async\" loading=\"lazy\" class=\"aligncenter\" alt=\"Telegraphie militaire\" src=\"http:\/\/sourcesdelagrandeguerre.fr\/WordPress3\/wp-content\/uploads\/2013\/11\/Telegraphie_militaire.png\" width=\"741\" height=\"499\" \/><\/p>\n<p style=\"text-align: justify;\">\n","protected":false},"excerpt":{"rendered":"<p>Pour nous contacter, vous pouvez nous laisser un commentaire au bas d&rsquo;un article ou alors nous \u00e9crire \u00e0 l&rsquo;adresse \u00e9lectronique suivante : sourcesdelagrandeguerre@gmail.com Nous essayons de r\u00e9pondre \u00e0 tous les messages mais cela peut prendre du temps !<\/p>\n","protected":false},"author":1,"featured_media":0,"parent":0,"menu_order":0,"comment_status":"open","ping_status":"open","template":"","meta":{"spay_email":""},"jetpack_shortlink":"https:\/\/wp.me\/P2bYSy-JO","jetpack_sharing_enabled":true,"_links":{"self":[{"href":"https:\/\/sourcesdelagrandeguerre.fr\/index.php?rest_route=\/wp\/v2\/pages\/2840"}],"collection":[{"href":"https:\/\/sourcesdelagrandeguerre.fr\/index.php?rest_route=\/wp\/v2\/pages"}],"about":[{"href":"https:\/\/sourcesdelagrandeguerre.fr\/index.php?rest_route=\/wp\/v2\/types\/page"}],"author":[{"embeddable":true,"href":"https:\/\/sourcesdelagrandeguerre.fr\/index.php?rest_route=\/wp\/v2\/users\/1"}],"replies":[{"embeddable":true,"href":"https:\/\/sourcesdelagrandeguerre.fr\/index.php?rest_route=%2Fwp%2Fv2%2Fcomments&post=2840"}],"version-history":[{"count":2,"href":"https:\/\/sourcesdelagrandeguerre.fr\/index.php?rest_route=\/wp\/v2\/pages\/2840\/revisions"}],"predecessor-version":[{"id":2844,"href":"https:\/\/sourcesdelagrandeguerre.fr\/index.php?rest_route=\/wp\/v2\/pages\/2840\/revisions\/2844"}],"wp:attachment":[{"href":"https:\/\/sourcesdelagrandeguerre.fr\/index.php?rest_route=%2Fwp%2Fv2%2Fmedia&parent=2840"}],"curies":[{"name":"wp","href":"https:\/\/api.w.org\/{rel}","templated":true}]}}